{"id":1823,"date":"2021-06-01T11:22:33","date_gmt":"2021-06-01T11:22:33","guid":{"rendered":"https:\/\/www.ohl-gutermuth.de\/?page_id=1823"},"modified":"2026-02-05T14:23:19","modified_gmt":"2026-02-05T14:23:19","slug":"impressum","status":"publish","type":"page","link":"https:\/\/www.ohl-gutermuth.de\/en\/impressum\/","title":{"rendered":"Impressum"},"content":{"rendered":"<div class=\"fusion-fullwidth fullwidth-box fusion-builder-row-1 fusion-flex-container nonhundred-percent-fullwidth non-hundred-percent-height-scrolling\" style=\"background-color: rgba(255,255,255,0);background-position: center center;background-repeat: no-repeat;border-width: 0px 0px 0px 0px;border-color:#e2e2e2;border-style:solid;\" ><div class=\"fusion-builder-row fusion-row fusion-flex-align-items-flex-start\" style=\"max-width:1248px;margin-left: calc(-4% \/ 2 );margin-right: calc(-4% \/ 2 );\"><div class=\"fusion-layout-column fusion_builder_column fusion-builder-column-0 fusion_builder_column_1_1 1_1 fusion-flex-column\"><div class=\"fusion-column-wrapper fusion-flex-justify-content-flex-start fusion-content-layout-column\" style=\"background-position:left top;background-repeat:no-repeat;-webkit-background-size:cover;-moz-background-size:cover;-o-background-size:cover;background-size:cover;padding: 0px 0px 0px 0px;\"><style type=\"text\/css\">@media only screen and (max-width:1024px) {.fusion-title.fusion-title-1{margin-top:10px!important; margin-right:0px!important;margin-bottom:15px!important;margin-left:0px!important;}}@media only screen and (max-width:768px) {.fusion-title.fusion-title-1{margin-top:10px!important; margin-right:0px!important;margin-bottom:10px!important; margin-left:0px!important;}}<\/style><div class=\"fusion-title title fusion-title-1 fusion-sep-none fusion-title-text fusion-title-size-one\" style=\"font-size:36px;margin-top:10px;margin-right:0px;margin-bottom:15px;margin-left:0px;\"><h1 class=\"title-heading-left fusion-responsive-typography-calculated\" style=\"margin:0;font-size:1em;color:#009fe3;--fontSize:36;line-height:1.16;\"><p class=\"p1\">Impressum<\/p>\n<div id=\"gtx-trans\" style=\"position: absolute; left: -79px; top: -10px;\">\n<div class=\"gtx-trans-icon\"><\/div>\n<\/div><\/h1><\/div><div class=\"fusion-text fusion-text-1\"><p><strong class=\"blau\"><strong>Angaben gem\u00e4\u00df \u00a7 5 TMG<\/strong><br \/><\/strong><br \/>OHL Gutermuth Industrial Valves GmbH<br \/>Helmersh\u00e4user Str. 9<br \/>D-63674 Altenstadt<br \/>Telefon: +49 (0) 60 47\/80 06 0<\/p>\n<p>E-Mail: <a title=\"Mail an OHL-Gutermuth\" href=\"mailto:og@ohl-gutermuth.de?subject=Gesendet%20von%20der%20Website\">og@ohl-gutermuth.de<\/a><br \/>Internet: www.ohl-gutermuth.de<\/p>\n<p>Registereintrag: Amtsgericht Friedberg, HRB 6032<\/p>\n<p>Vertreten durch den Gesch\u00e4ftsf\u00fchrenden Gesellschafter:<br \/>Dipl.- Ing. Wolfgang R\u00f6hrig<\/p>\n<p><span class=\"blau\">Umsatzsteuer-Identifikationsnummer gem\u00e4\u00df \u00a7 27 a Umsatzsteuergesetz:<\/span><br \/>DE 814 250 392<\/p>\n<p><strong class=\"blau\">Haftung<\/strong><br \/>Die Informationen auf dieser Website wurden mit Sorgfalt zusammengestellt. F\u00fcr die Richtigkeit, Aktualit\u00e4t und Vollst\u00e4ndigkeit<br \/>kann gleichwohl keine Gew\u00e4hr \u00fcbernommen werden.<br \/>Es kann keine Verantwortung f\u00fcr Sch\u00e4den \u00fcbernommen werden, die durch das Vertrauen auf die Inhalte dieser Website oder deren Gebrauch entstehen.<\/p>\n<p><strong class=\"blau\">Urheberrecht<\/strong><br \/>Die durch die Seitenbetreiber erstellten Inhalte und Werke auf diesen Seiten unterliegen dem deutschen Urheberrecht.<br \/>Die Vervielf\u00e4ltigung, Bearbeitung, Verbreitung und jede Art der Verwertung au\u00dferhalb der Grenzen des Urheberrechtes<br \/>bed\u00fcrfen der schriftlichen Zustimmung des jeweiligen Autors bzw. Erstellers.<\/p>\n<p><strong class=\"blau\">Schutzrechtsverletzung<\/strong><br \/>Falls Sie vermuten, dass von dieser Website aus eines Ihrer Schutzrechte verletzt wird, teilen Sie das bitte umgehend per elektronischer Post mit, damit z\u00fcgig Abhilfe geschafft werden kann. Bitte nehmen Sie zur Kenntnis: Die zeitaufw\u00e4ndigere Einschaltung eines Anwaltes zur f\u00fcr den Dienstanbieter kostenpflichtigen Abmahnung entspricht nicht dessen wirklichen oder mutma\u00dflichen Willen.<\/p>\n<p><strong class=\"blau\">Verweise und Links<\/strong><br \/>Alle Links, die von dieser Website ausgehen, zeigten zum Zeitpunkt der Linksetzung auf Seiten ohne erkennbar illegale Inhalte. Sollte durch eine \u00c4nderung der Inhalte der verlinkten Seiten einmal ein Link von dieser Seite auf eine Seite mit illegalen Inhalten verweisen, so wird dieser Link sofort entfernt, wenn wir davon Kenntnis erhalten.<\/p>\n<p><strong class=\"blau\">Datenschutz<\/strong><br \/>Sofern innerhalb des Internetangebotes die M\u00f6glichkeit zur Eingabe pers\u00f6nlicher oder gesch\u00e4ftlicher Daten (E-Mail-Adressen, Namen, Anschriften) besteht, so erfolgt die Preisgabe dieser Daten seitens des Nutzers auf ausdr\u00fccklich freiwilliger Basis. Die Inanspruchnahme und Bezahlung aller angebotenen Dienste ist &#8211; soweit technisch m\u00f6glich und zumutbar &#8211; auch ohne Angabe solcher Daten bzw. unter Angabe anonymisierter Daten oder eines Pseudonyms gestattet, allerdings nicht besonders sinnvoll. Auf Antrag erh\u00e4lt man selbstverst\u00e4ndlich unentgeltlich Auskunft zu gespeicherten personenbezogenen Daten. Wenden Sie sich dazu bitte an: <a title=\"Mail an OHL-Gutermuth\" href=\"mailto:og@ohl-gutermuth.de?subject=Gesendet%20von%20der%20Website\">og@ohl-gutermuth.de<\/a><\/p>\n<p><strong class=\"blau\">Verwendung von Daten und E-Mail-Adressen<\/strong><br \/>Die Nutzung der im Rahmen dieser Webseite ver\u00f6ffentlichten Kontaktdaten wie Postanschriften, Telefon- und Faxnummern sowie E-Mail-Adressen durch Dritte zur \u00dcbersendung von nicht ausdr\u00fccklich angeforderten und massenhaft an viele Empf\u00e4nger versandten Informationen ist nicht gestattet. Rechtliche Schritte gegen die Versender von diesen sogenannten Spam-Mails bei Verst\u00f6\u00dfen gegen dieses Verbot sind ausdr\u00fccklich vorbehalten.<\/p>\n<p>Bildnachweis Rechtekette: <a href=\"https:\/\/www.shutterstock.com\/\">Shutterstock<\/a> \/ <a href=\"https:\/\/unsplash.com\/\">Unsplash<\/a> &#8211; Mike Gorrell \/ OHL Gutermuth Industrial Valves GmbH<\/p>\n<\/div><\/div><style type=\"text\/css\">.fusion-body .fusion-builder-column-0{width:100% !important;margin-top : 0px;margin-bottom : 20px;}.fusion-builder-column-0 > .fusion-column-wrapper {padding-top : 0px !important;padding-right : 0px !important;margin-right : 1.92%;padding-bottom : 0px !important;padding-left : 0px !important;margin-left : 1.92%;}@media only screen and (max-width:1024px) {.fusion-body .fusion-builder-column-0{width:100% !important;order : 0;}.fusion-builder-column-0 > .fusion-column-wrapper {margin-right : 1.92%;margin-left : 1.92%;}}@media only screen and (max-width:768px) {.fusion-body .fusion-builder-column-0{width:100% !important;order : 0;}.fusion-builder-column-0 > .fusion-column-wrapper {margin-right : 1.92%;margin-left : 1.92%;}}<\/style><\/div><\/div><style type=\"text\/css\">.fusion-body .fusion-flex-container.fusion-builder-row-1{ padding-top : 0px;margin-top : 0px;padding-right : 0px;padding-bottom : 0px;margin-bottom : 0px;padding-left : 0px;}<\/style><\/div>\n","protected":false},"excerpt":{"rendered":"","protected":false},"author":1,"featured_media":0,"parent":0,"menu_order":0,"comment_status":"closed","ping_status":"closed","template":"100-width.php","meta":{"om_disable_all_campaigns":false,"inline_featured_image":false,"_monsterinsights_skip_tracking":false,"_monsterinsights_sitenote_active":false,"_monsterinsights_sitenote_note":"","_monsterinsights_sitenote_category":0,"footnotes":""},"class_list":["post-1823","page","type-page","status-publish","hentry"],"aioseo_notices":[],"aioseo_head":"\n\t\t<!-- All in One SEO Pro 4.9.6.2 - aioseo.com -->\n\t<meta name=\"description\" content=\"Impressum Angaben gem\u00e4\u00df \u00a7 5 TMGOHL Gutermuth Industrial Valves GmbHHelmersh\u00e4user Str. 9D-63674 AltenstadtTelefon: +49 (0) 60 47\/80 06 0 E-Mail: og@ohl-gutermuth.deInternet: www.ohl-gutermuth.de Registereintrag: Amtsgericht Friedberg, HRB 6032 Vertreten durch den Gesch\u00e4ftsf\u00fchrenden Gesellschafter:Dipl.- Ing. Wolfgang R\u00f6hrig Umsatzsteuer-Identifikationsnummer gem\u00e4\u00df \u00a7 27 a Umsatzsteuergesetz:DE 814 250 392 HaftungDie Informationen auf dieser Website wurden mit Sorgfalt zusammengestellt. F\u00fcr die\" \/>\n\t<meta name=\"robots\" content=\"max-image-preview:large\" \/>\n\t<link rel=\"canonical\" href=\"https:\/\/www.ohl-gutermuth.de\/en\/impressum\/\" \/>\n\t<meta name=\"generator\" content=\"All in One SEO Pro (AIOSEO) 4.9.6.2\" \/>\n\t\t<meta property=\"og:locale\" content=\"en_US\" \/>\n\t\t<meta property=\"og:site_name\" content=\"OHL Industrial Valves GmbH - IHR ARMATURENSPEZIALIST SICHER UND WIRTSCHAFTLICH\" \/>\n\t\t<meta property=\"og:type\" content=\"article\" \/>\n\t\t<meta property=\"og:title\" content=\"Impressum - OHL Industrial Valves GmbH\" \/>\n\t\t<meta property=\"og:description\" content=\"Impressum Angaben gem\u00e4\u00df \u00a7 5 TMGOHL Gutermuth Industrial Valves GmbHHelmersh\u00e4user Str. 9D-63674 AltenstadtTelefon: +49 (0) 60 47\/80 06 0 E-Mail: og@ohl-gutermuth.deInternet: www.ohl-gutermuth.de Registereintrag: Amtsgericht Friedberg, HRB 6032 Vertreten durch den Gesch\u00e4ftsf\u00fchrenden Gesellschafter:Dipl.- Ing. Wolfgang R\u00f6hrig Umsatzsteuer-Identifikationsnummer gem\u00e4\u00df \u00a7 27 a Umsatzsteuergesetz:DE 814 250 392 HaftungDie Informationen auf dieser Website wurden mit Sorgfalt zusammengestellt. F\u00fcr die\" \/>\n\t\t<meta property=\"og:url\" content=\"https:\/\/www.ohl-gutermuth.de\/en\/impressum\/\" \/>\n\t\t<meta property=\"og:image\" content=\"https:\/\/www.ohl-gutermuth.de\/wp-content\/uploads\/2020\/07\/logo.svg\" \/>\n\t\t<meta property=\"og:image:secure_url\" content=\"https:\/\/www.ohl-gutermuth.de\/wp-content\/uploads\/2020\/07\/logo.svg\" \/>\n\t\t<meta property=\"og:image:width\" content=\"250\" \/>\n\t\t<meta property=\"og:image:height\" content=\"189\" \/>\n\t\t<meta property=\"article:published_time\" content=\"2021-06-01T11:22:33+00:00\" \/>\n\t\t<meta property=\"article:modified_time\" content=\"2026-02-05T14:23:19+00:00\" \/>\n\t\t<meta name=\"twitter:card\" content=\"summary\" \/>\n\t\t<meta name=\"twitter:title\" content=\"Impressum - OHL Industrial Valves GmbH\" \/>\n\t\t<meta name=\"twitter:description\" content=\"Impressum Angaben gem\u00e4\u00df \u00a7 5 TMGOHL Gutermuth Industrial Valves GmbHHelmersh\u00e4user Str. 9D-63674 AltenstadtTelefon: +49 (0) 60 47\/80 06 0 E-Mail: og@ohl-gutermuth.deInternet: www.ohl-gutermuth.de Registereintrag: Amtsgericht Friedberg, HRB 6032 Vertreten durch den Gesch\u00e4ftsf\u00fchrenden Gesellschafter:Dipl.- Ing. Wolfgang R\u00f6hrig Umsatzsteuer-Identifikationsnummer gem\u00e4\u00df \u00a7 27 a Umsatzsteuergesetz:DE 814 250 392 HaftungDie Informationen auf dieser Website wurden mit Sorgfalt zusammengestellt. F\u00fcr die\" \/>\n\t\t<meta name=\"twitter:image\" content=\"https:\/\/www.ohl-gutermuth.de\/wp-content\/uploads\/2020\/07\/logo.svg\" \/>\n\t\t<script type=\"application\/ld+json\" class=\"aioseo-schema\">\n\t\t\t{\"@context\":\"https:\\\/\\\/schema.org\",\"@graph\":[{\"@type\":\"BreadcrumbList\",\"@id\":\"https:\\\/\\\/www.ohl-gutermuth.de\\\/en\\\/impressum\\\/#breadcrumblist\",\"itemListElement\":[{\"@type\":\"ListItem\",\"@id\":\"https:\\\/\\\/www.ohl-gutermuth.de\\\/en\\\/#listItem\",\"position\":1,\"name\":\"Home\",\"item\":\"https:\\\/\\\/www.ohl-gutermuth.de\\\/en\\\/\",\"nextItem\":{\"@type\":\"ListItem\",\"@id\":\"https:\\\/\\\/www.ohl-gutermuth.de\\\/en\\\/impressum\\\/#listItem\",\"name\":\"Impressum\"}},{\"@type\":\"ListItem\",\"@id\":\"https:\\\/\\\/www.ohl-gutermuth.de\\\/en\\\/impressum\\\/#listItem\",\"position\":2,\"name\":\"Impressum\",\"previousItem\":{\"@type\":\"ListItem\",\"@id\":\"https:\\\/\\\/www.ohl-gutermuth.de\\\/en\\\/#listItem\",\"name\":\"Home\"}}]},{\"@type\":\"Organization\",\"@id\":\"https:\\\/\\\/www.ohl-gutermuth.de\\\/en\\\/#organization\",\"name\":\"OHL Industrial Valves GmbH\",\"description\":\"IHR ARMATURENSPEZIALIST SICHER UND WIRTSCHAFTLICH\",\"url\":\"https:\\\/\\\/www.ohl-gutermuth.de\\\/en\\\/\",\"telephone\":\"+49604780060\",\"logo\":{\"@type\":\"ImageObject\",\"url\":\"https:\\\/\\\/www.ohl-gutermuth.de\\\/wp-content\\\/uploads\\\/2020\\\/07\\\/logo.svg\",\"@id\":\"https:\\\/\\\/www.ohl-gutermuth.de\\\/en\\\/impressum\\\/#organizationLogo\",\"caption\":\"OHL Gutermuth Industrial Valves GmbH\"},\"image\":{\"@id\":\"https:\\\/\\\/www.ohl-gutermuth.de\\\/en\\\/impressum\\\/#organizationLogo\"},\"sameAs\":[\"https:\\\/\\\/www.instagram.com\\\/ohlgutermuth\\\/\",\"https:\\\/\\\/www.youtube.com\\\/channel\\\/UCGaUI1La6walm0ko6HxFsrQ\",\"https:\\\/\\\/www.linkedin.com\\\/company\\\/ohl-gutermuth-industrial-valves-gmbh\"]},{\"@type\":\"WebPage\",\"@id\":\"https:\\\/\\\/www.ohl-gutermuth.de\\\/en\\\/impressum\\\/#webpage\",\"url\":\"https:\\\/\\\/www.ohl-gutermuth.de\\\/en\\\/impressum\\\/\",\"name\":\"Impressum - OHL Industrial Valves GmbH\",\"description\":\"Impressum Angaben gem\\u00e4\\u00df \\u00a7 5 TMGOHL Gutermuth Industrial Valves GmbHHelmersh\\u00e4user Str. 9D-63674 AltenstadtTelefon: +49 (0) 60 47\\\/80 06 0 E-Mail: og@ohl-gutermuth.deInternet: www.ohl-gutermuth.de Registereintrag: Amtsgericht Friedberg, HRB 6032 Vertreten durch den Gesch\\u00e4ftsf\\u00fchrenden Gesellschafter:Dipl.- Ing. Wolfgang R\\u00f6hrig Umsatzsteuer-Identifikationsnummer gem\\u00e4\\u00df \\u00a7 27 a Umsatzsteuergesetz:DE 814 250 392 HaftungDie Informationen auf dieser Website wurden mit Sorgfalt zusammengestellt. F\\u00fcr die\",\"inLanguage\":\"en-US\",\"isPartOf\":{\"@id\":\"https:\\\/\\\/www.ohl-gutermuth.de\\\/en\\\/#website\"},\"breadcrumb\":{\"@id\":\"https:\\\/\\\/www.ohl-gutermuth.de\\\/en\\\/impressum\\\/#breadcrumblist\"},\"datePublished\":\"2021-06-01T11:22:33+00:00\",\"dateModified\":\"2026-02-05T14:23:19+00:00\"},{\"@type\":\"WebSite\",\"@id\":\"https:\\\/\\\/www.ohl-gutermuth.de\\\/en\\\/#website\",\"url\":\"https:\\\/\\\/www.ohl-gutermuth.de\\\/en\\\/\",\"name\":\"OHL Industrial Valves GmbH\",\"description\":\"IHR ARMATURENSPEZIALIST SICHER UND WIRTSCHAFTLICH\",\"inLanguage\":\"en-US\",\"publisher\":{\"@id\":\"https:\\\/\\\/www.ohl-gutermuth.de\\\/en\\\/#organization\"}}]}\n\t\t<\/script>\n\t\t<!-- All in One SEO Pro -->\r\n\t\t<title>Impressum - OHL Industrial Valves GmbH<\/title>\n\n","aioseo_head_json":{"title":"Impressum - OHL Industrial Valves GmbH","description":"Impressum Angaben gem\u00e4\u00df \u00a7 5 TMGOHL Gutermuth Industrial Valves GmbHHelmersh\u00e4user Str. 9D-63674 AltenstadtTelefon: +49 (0) 60 47\/80 06 0 E-Mail: og@ohl-gutermuth.deInternet: www.ohl-gutermuth.de Registereintrag: Amtsgericht Friedberg, HRB 6032 Vertreten durch den Gesch\u00e4ftsf\u00fchrenden Gesellschafter:Dipl.- Ing. Wolfgang R\u00f6hrig Umsatzsteuer-Identifikationsnummer gem\u00e4\u00df \u00a7 27 a Umsatzsteuergesetz:DE 814 250 392 HaftungDie Informationen auf dieser Website wurden mit Sorgfalt zusammengestellt. F\u00fcr die","canonical_url":"https:\/\/www.ohl-gutermuth.de\/en\/impressum\/","robots":"max-image-preview:large","keywords":"","webmasterTools":{"miscellaneous":""},"schema":{"@context":"https:\/\/schema.org","@graph":[{"@type":"BreadcrumbList","@id":"https:\/\/www.ohl-gutermuth.de\/en\/impressum\/#breadcrumblist","itemListElement":[{"@type":"ListItem","@id":"https:\/\/www.ohl-gutermuth.de\/en\/#listItem","position":1,"name":"Home","item":"https:\/\/www.ohl-gutermuth.de\/en\/","nextItem":{"@type":"ListItem","@id":"https:\/\/www.ohl-gutermuth.de\/en\/impressum\/#listItem","name":"Impressum"}},{"@type":"ListItem","@id":"https:\/\/www.ohl-gutermuth.de\/en\/impressum\/#listItem","position":2,"name":"Impressum","previousItem":{"@type":"ListItem","@id":"https:\/\/www.ohl-gutermuth.de\/en\/#listItem","name":"Home"}}]},{"@type":"Organization","@id":"https:\/\/www.ohl-gutermuth.de\/en\/#organization","name":"OHL Industrial Valves GmbH","description":"IHR ARMATURENSPEZIALIST SICHER UND WIRTSCHAFTLICH","url":"https:\/\/www.ohl-gutermuth.de\/en\/","telephone":"+49604780060","logo":{"@type":"ImageObject","url":"https:\/\/www.ohl-gutermuth.de\/wp-content\/uploads\/2020\/07\/logo.svg","@id":"https:\/\/www.ohl-gutermuth.de\/en\/impressum\/#organizationLogo","caption":"OHL Gutermuth Industrial Valves GmbH"},"image":{"@id":"https:\/\/www.ohl-gutermuth.de\/en\/impressum\/#organizationLogo"},"sameAs":["https:\/\/www.instagram.com\/ohlgutermuth\/","https:\/\/www.youtube.com\/channel\/UCGaUI1La6walm0ko6HxFsrQ","https:\/\/www.linkedin.com\/company\/ohl-gutermuth-industrial-valves-gmbh"]},{"@type":"WebPage","@id":"https:\/\/www.ohl-gutermuth.de\/en\/impressum\/#webpage","url":"https:\/\/www.ohl-gutermuth.de\/en\/impressum\/","name":"Impressum - OHL Industrial Valves GmbH","description":"Impressum Angaben gem\u00e4\u00df \u00a7 5 TMGOHL Gutermuth Industrial Valves GmbHHelmersh\u00e4user Str. 9D-63674 AltenstadtTelefon: +49 (0) 60 47\/80 06 0 E-Mail: og@ohl-gutermuth.deInternet: www.ohl-gutermuth.de Registereintrag: Amtsgericht Friedberg, HRB 6032 Vertreten durch den Gesch\u00e4ftsf\u00fchrenden Gesellschafter:Dipl.- Ing. Wolfgang R\u00f6hrig Umsatzsteuer-Identifikationsnummer gem\u00e4\u00df \u00a7 27 a Umsatzsteuergesetz:DE 814 250 392 HaftungDie Informationen auf dieser Website wurden mit Sorgfalt zusammengestellt. F\u00fcr die","inLanguage":"en-US","isPartOf":{"@id":"https:\/\/www.ohl-gutermuth.de\/en\/#website"},"breadcrumb":{"@id":"https:\/\/www.ohl-gutermuth.de\/en\/impressum\/#breadcrumblist"},"datePublished":"2021-06-01T11:22:33+00:00","dateModified":"2026-02-05T14:23:19+00:00"},{"@type":"WebSite","@id":"https:\/\/www.ohl-gutermuth.de\/en\/#website","url":"https:\/\/www.ohl-gutermuth.de\/en\/","name":"OHL Industrial Valves GmbH","description":"IHR ARMATURENSPEZIALIST SICHER UND WIRTSCHAFTLICH","inLanguage":"en-US","publisher":{"@id":"https:\/\/www.ohl-gutermuth.de\/en\/#organization"}}]},"og:locale":"en_US","og:site_name":"OHL Industrial Valves GmbH - IHR ARMATURENSPEZIALIST SICHER UND WIRTSCHAFTLICH","og:type":"article","og:title":"Impressum - OHL Industrial Valves GmbH","og:description":"Impressum Angaben gem\u00e4\u00df \u00a7 5 TMGOHL Gutermuth Industrial Valves GmbHHelmersh\u00e4user Str. 9D-63674 AltenstadtTelefon: +49 (0) 60 47\/80 06 0 E-Mail: og@ohl-gutermuth.deInternet: www.ohl-gutermuth.de Registereintrag: Amtsgericht Friedberg, HRB 6032 Vertreten durch den Gesch\u00e4ftsf\u00fchrenden Gesellschafter:Dipl.- Ing. Wolfgang R\u00f6hrig Umsatzsteuer-Identifikationsnummer gem\u00e4\u00df \u00a7 27 a Umsatzsteuergesetz:DE 814 250 392 HaftungDie Informationen auf dieser Website wurden mit Sorgfalt zusammengestellt. F\u00fcr die","og:url":"https:\/\/www.ohl-gutermuth.de\/en\/impressum\/","og:image":"https:\/\/www.ohl-gutermuth.de\/wp-content\/uploads\/2020\/07\/logo.svg","og:image:secure_url":"https:\/\/www.ohl-gutermuth.de\/wp-content\/uploads\/2020\/07\/logo.svg","og:image:width":250,"og:image:height":189,"article:published_time":"2021-06-01T11:22:33+00:00","article:modified_time":"2026-02-05T14:23:19+00:00","twitter:card":"summary","twitter:title":"Impressum - OHL Industrial Valves GmbH","twitter:description":"Impressum Angaben gem\u00e4\u00df \u00a7 5 TMGOHL Gutermuth Industrial Valves GmbHHelmersh\u00e4user Str. 9D-63674 AltenstadtTelefon: +49 (0) 60 47\/80 06 0 E-Mail: og@ohl-gutermuth.deInternet: www.ohl-gutermuth.de Registereintrag: Amtsgericht Friedberg, HRB 6032 Vertreten durch den Gesch\u00e4ftsf\u00fchrenden Gesellschafter:Dipl.- Ing. Wolfgang R\u00f6hrig Umsatzsteuer-Identifikationsnummer gem\u00e4\u00df \u00a7 27 a Umsatzsteuergesetz:DE 814 250 392 HaftungDie Informationen auf dieser Website wurden mit Sorgfalt zusammengestellt. F\u00fcr die","twitter:image":"https:\/\/www.ohl-gutermuth.de\/wp-content\/uploads\/2020\/07\/logo.svg"},"aioseo_meta_data":{"post_id":"1823","title":"#post_title #separator_sa #site_title","description":"#post_content","keywords":[],"keyphrases":{"focus":[],"additional":[]},"primary_term":null,"canonical_url":null,"og_title":null,"og_description":null,"og_object_type":"default","og_image_type":"default","og_image_url":null,"og_image_width":null,"og_image_height":null,"og_image_custom_url":null,"og_image_custom_fields":null,"og_video":"","og_custom_url":null,"og_article_section":null,"og_article_tags":[],"twitter_use_og":false,"twitter_card":"default","twitter_image_type":"default","twitter_image_url":null,"twitter_image_custom_url":null,"twitter_image_custom_fields":null,"twitter_title":null,"twitter_description":null,"schema":{"blockGraphs":[],"customGraphs":[],"default":{"data":{"Article":[],"Course":[],"Dataset":[],"FAQPage":[],"Movie":[],"Person":[],"Product":[],"ProductReview":[],"Car":[],"Recipe":[],"Service":[],"SoftwareApplication":[],"WebPage":{"id":"#aioseo-web-page-6645ce12b07eb","slug":"web-page","graphName":"WebPage","label":"Web-Seite","properties":{"type":"WebPage","name":"","description":""}}},"graphName":"WebPage","isEnabled":true},"graphs":[]},"schema_type":"default","schema_type_options":"{\"article\":{\"articleType\":\"BlogPosting\"},\"course\":{\"name\":\"\",\"description\":\"\",\"provider\":\"\"},\"faq\":{\"pages\":[]},\"product\":{\"reviews\":[]},\"recipe\":{\"ingredients\":[],\"instructions\":[],\"keywords\":[]},\"software\":{\"reviews\":[],\"operatingSystems\":[]},\"webPage\":{\"webPageType\":\"WebPage\"}}","pillar_content":false,"robots_default":true,"robots_noindex":false,"robots_noarchive":false,"robots_nosnippet":false,"robots_nofollow":false,"robots_noimageindex":false,"robots_noodp":false,"robots_notranslate":false,"robots_max_snippet":"-1","robots_max_videopreview":"-1","robots_max_imagepreview":"large","priority":null,"frequency":"default","local_seo":{"locations":{"business":{"name":"","businessType":"","image":"","areaServed":"","urls":{"website":"","aboutPage":"","contactPage":""},"address":{"streetLine1":"","streetLine2":"","zipCode":"","city":"","state":"","country":"","addressFormat":"#streetLineOne\n#streetLineTwo\n#city, #state #zipCode"},"contact":{"email":"","phone":"","phoneFormatted":"","fax":"","faxFormatted":""},"ids":{"vat":"","tax":"","chamberOfCommerce":""},"payment":{"priceRange":"","currenciesAccepted":"","methods":""}}},"openingHours":{"useDefaults":true,"show":true,"alwaysOpen":false,"use24hFormat":false,"timezone":"","labels":{"closed":"","alwaysOpen":""},"days":{"monday":{"open24h":false,"closed":false,"openTime":"09:00","closeTime":"17:00"},"tuesday":{"open24h":false,"closed":false,"openTime":"09:00","closeTime":"17:00"},"wednesday":{"open24h":false,"closed":false,"openTime":"09:00","closeTime":"17:00"},"thursday":{"open24h":false,"closed":false,"openTime":"09:00","closeTime":"17:00"},"friday":{"open24h":false,"closed":false,"openTime":"09:00","closeTime":"17:00"},"saturday":{"open24h":false,"closed":false,"openTime":"09:00","closeTime":"17:00"},"sunday":{"open24h":false,"closed":false,"openTime":"09:00","closeTime":"17:00"}}}},"seo_analyzer_scan_date":"2026-02-06 09:24:00","breadcrumb_settings":null,"limit_modified_date":false,"reviewed_by":null,"open_ai":null,"ai":null,"created":"2021-06-01 11:13:15","updated":"2026-02-06 09:24:00"},"aioseo_breadcrumb":"<div class=\"aioseo-breadcrumbs\"><span class=\"aioseo-breadcrumb\">\n\t<a href=\"https:\/\/www.ohl-gutermuth.de\/en\/\" title=\"Home\">Home<\/a>\n<\/span><span class=\"aioseo-breadcrumb-separator\">&raquo;<\/span><span class=\"aioseo-breadcrumb\">\n\tImpressum\n<\/span><\/div>","aioseo_breadcrumb_json":[{"label":"Home","link":"https:\/\/www.ohl-gutermuth.de\/en\/"},{"label":"Impressum","link":"https:\/\/www.ohl-gutermuth.de\/en\/impressum\/"}],"_links":{"self":[{"href":"https:\/\/www.ohl-gutermuth.de\/en\/wp-json\/wp\/v2\/pages\/1823","targetHints":{"allow":["GET"]}}],"collection":[{"href":"https:\/\/www.ohl-gutermuth.de\/en\/wp-json\/wp\/v2\/pages"}],"about":[{"href":"https:\/\/www.ohl-gutermuth.de\/en\/wp-json\/wp\/v2\/types\/page"}],"author":[{"embeddable":true,"href":"https:\/\/www.ohl-gutermuth.de\/en\/wp-json\/wp\/v2\/users\/1"}],"replies":[{"embeddable":true,"href":"https:\/\/www.ohl-gutermuth.de\/en\/wp-json\/wp\/v2\/comments?post=1823"}],"version-history":[{"count":3,"href":"https:\/\/www.ohl-gutermuth.de\/en\/wp-json\/wp\/v2\/pages\/1823\/revisions"}],"predecessor-version":[{"id":5025,"href":"https:\/\/www.ohl-gutermuth.de\/en\/wp-json\/wp\/v2\/pages\/1823\/revisions\/5025"}],"wp:attachment":[{"href":"https:\/\/www.ohl-gutermuth.de\/en\/wp-json\/wp\/v2\/media?parent=1823"}],"curies":[{"name":"wp","href":"https:\/\/api.w.org\/{rel}","templated":true}]}}